{"id":360,"date":"2013-07-24T16:49:06","date_gmt":"2013-07-24T14:49:06","guid":{"rendered":"https:\/\/tauchclub-gechingen.de\/wp\/?page_id=360"},"modified":"2018-06-24T18:13:21","modified_gmt":"2018-06-24T16:13:21","slug":"leistungen-und-gebuehren","status":"publish","type":"page","link":"https:\/\/tauchclub-gechingen.de\/wp\/leistungen-und-gebuehren\/","title":{"rendered":"Leistungen und Geb\u00fchren"},"content":{"rendered":"<h3><strong>Leistungen<\/strong><\/h3>\n<p>In dem Mitgliedsbeitrag sind folgende Leistungen enthalten:<\/p>\n<ul>\n<li>Besuch des Hallenbads in Gechingen zum w\u00f6chentlichen Training<\/li>\n<li>Ausleihen von kompletten oder von Teilen der Tauchausr\u00fcstung (solange der Vorrat reicht)<\/li>\n<li>F\u00fcllen von Tauchflaschen<\/li>\n<li>Versicherungsschutz im Rahmen der allgemeinen Tauchsportversicherungen \u00fcber den WLSB und VDST<\/li>\n<li>Auslandskrankenversicherung, die nicht auf den Tauchsport begrenzt ist. Diese Versicherung sowie eine weltweite Taucher-Hotline wird \u00fcber den VDST geleistet, in dem jedes TCG Mitglied ebenfalls automatisch Mitglied ist<\/li>\n<li>Bezug der VDST-Verbandszeitschrift &#8222;Sporttaucher&#8220; (sechs Ausgaben pro Jahr)<\/li>\n<\/ul>\n\n<table id=\"tablepress-5\" class=\"tablepress tablepress-id-5\">\n<thead>\n<tr class=\"row-1 odd\">\n\t<th class=\"column-1\">Mitgliedsbeitr\u00e4ge<\/th><th class=\"column-2\">Aufnahme-<br \/>\ngeb\u00fchr<\/th><th class=\"column-3\">Jahres-<br \/>\nbeitrag<\/th>\n<\/tr>\n<\/thead>\n<tbody>\n<tr class=\"row-2 even\">\n\t<td class=\"column-1\">Erwachsene<\/td><td class=\"column-2\">90,-<\/td><td class=\"column-3\">95,-<\/td>\n<\/tr>\n<tr class=\"row-3 odd\">\n\t<td class=\"column-1\">Partner (im gemeinsamen Haushalt)<\/td><td class=\"column-2\">60,-<\/td><td class=\"column-3\">55,-<\/td>\n<\/tr>\n<tr class=\"row-4 even\">\n\t<td class=\"column-1\">Erm\u00e4\u00dfigt ab 18 Jahre (Sch\u00fcler, Studenten, Auszubildende, Zivil- und Wehrdienstleistende)<\/td><td class=\"column-2\">60,-<\/td><td class=\"column-3\">60,-<\/td>\n<\/tr>\n<tr class=\"row-5 odd\">\n\t<td class=\"column-1\">Jugendliche von 14 bis unter 18 Jahre<\/td><td class=\"column-2\">30,-<\/td><td class=\"column-3\">30,-<\/td>\n<\/tr>\n<tr class=\"row-6 even\">\n\t<td class=\"column-1\">Kinder von 8 bis unter 14 Jahre (Kinder von Mitgliedern unter 10 Jahren sind beitragsfrei)<\/td><td class=\"column-2\">keine<\/td><td class=\"column-3\">30,-<\/td>\n<\/tr>\n<tr class=\"row-7 odd\">\n\t<td colspan=\"3\" class=\"column-1\">Familienregelung: Aufnahmegeb\u00fchr und Jahresbeitrag werden berechnet f\u00fcr das erwachsene Mitglied, ggfs. dessen Partner und max. ein Kind. Damit sind alle weiteren Kinder unter 18 Jahren beitragsfrei eingeschlossen. Nicht eingeschlossen in der Familienregelung sind Kinder \u00fcber 18 Jahre. Die Familienregelung gilt auch f\u00fcr ehe\u00e4hnliche Verh\u00e4ltnisse mit Partner und Kindern im gemeinsamen Haushalt.<\/td>\n<\/tr>\n<\/tbody>\n<\/table>\n\n<p>Wir bieten auch eine passive Mitgliedschaft an (mit 30,- pro Jahr), die aber nur mit bestimmten Bedingungen m\u00f6glich ist.<\/p>\n\n<table id=\"tablepress-6\" class=\"tablepress tablepress-id-6\">\n<thead>\n<tr class=\"row-1 odd\">\n\t<th class=\"column-1\">Ausbildungsgeb\u00fchren f\u00fcr VDST\/CMAS *<\/th><th class=\"column-2\">Nicht-<br \/>\nmitglieder<\/th><th class=\"column-3\">Vereins-<br \/>\nmitglieder<\/th>\n<\/tr>\n<\/thead>\n<tbody>\n<tr class=\"row-2 even\">\n\t<td class=\"column-1\">Erwachsene<\/td><td class=\"column-2\">280,-<\/td><td class=\"column-3\">190,-<\/td>\n<\/tr>\n<tr class=\"row-3 odd\">\n\t<td class=\"column-1\">Partner (im gemeinsamen Haushalt)<\/td><td class=\"column-2\">280,-<\/td><td class=\"column-3\">160,-<\/td>\n<\/tr>\n<tr class=\"row-4 even\">\n\t<td class=\"column-1\">Erm\u00e4\u00dfigt ab 18 Jahre (Sch\u00fcler, Studenten, Auszubildende, Zivil- und Wehrdienstleistende)<\/td><td class=\"column-2\">250,-<\/td><td class=\"column-3\">160,-<\/td>\n<\/tr>\n<tr class=\"row-5 odd\">\n\t<td class=\"column-1\">Jugendliche unter 18 Jahre<\/td><td class=\"column-2\">210,-<\/td><td class=\"column-3\">80,-<\/td>\n<\/tr>\n<tr class=\"row-6 even\">\n\t<td colspan=\"3\" class=\"column-1\">Nach Abschluss der Ausbildung von Nichtmitgliedern wird mit dem Beitritt in den Verein die Aufnahmegeb\u00fchr erlassen.<\/td>\n<\/tr>\n<\/tbody>\n<\/table>\n\n<p>&nbsp;<\/p>\n","protected":false},"excerpt":{"rendered":"<p>Leistungen In dem Mitgliedsbeitrag sind folgende Leistungen enthalten: Besuch des Hallenbads in Gechingen zum w\u00f6chentlichen Training Ausleihen von kompletten oder von Teilen der Tauchausr\u00fcstung (solange der Vorrat reicht) F\u00fcllen von Tauchflaschen Versicherungsschutz im Rahmen der allgemeinen Tauchsportversicherungen \u00fcber den WLSB &hellip; <a href=\"https:\/\/tauchclub-gechingen.de\/wp\/leistungen-und-gebuehren\/\">Weiterlesen <span class=\"meta-nav\">&rarr;<\/span><\/a><\/p>\n","protected":false},"author":1,"featured_media":0,"parent":0,"menu_order":64,"comment_status":"closed","ping_status":"closed","template":"","meta":{"footnotes":""},"class_list":["post-360","page","type-page","status-publish","hentry"],"_links":{"self":[{"href":"https:\/\/tauchclub-gechingen.de\/wp\/wp-json\/wp\/v2\/pages\/360","targetHints":{"allow":["GET"]}}],"collection":[{"href":"https:\/\/tauchclub-gechingen.de\/wp\/wp-json\/wp\/v2\/pages"}],"about":[{"href":"https:\/\/tauchclub-gechingen.de\/wp\/wp-json\/wp\/v2\/types\/page"}],"author":[{"embeddable":true,"href":"https:\/\/tauchclub-gechingen.de\/wp\/wp-json\/wp\/v2\/users\/1"}],"replies":[{"embeddable":true,"href":"https:\/\/tauchclub-gechingen.de\/wp\/wp-json\/wp\/v2\/comments?post=360"}],"version-history":[{"count":0,"href":"https:\/\/tauchclub-gechingen.de\/wp\/wp-json\/wp\/v2\/pages\/360\/revisions"}],"wp:attachment":[{"href":"https:\/\/tauchclub-gechingen.de\/wp\/wp-json\/wp\/v2\/media?parent=360"}],"curies":[{"name":"wp","href":"https:\/\/api.w.org\/{rel}","templated":true}]}}